{"id":58,"date":"2022-11-29T19:57:33","date_gmt":"2022-11-29T19:57:33","guid":{"rendered":"https:\/\/clickandmusic.es\/?page_id=58"},"modified":"2023-05-17T10:25:55","modified_gmt":"2023-05-17T10:25:55","slug":"dj-bodas-y-eventos","status":"publish","type":"page","link":"https:\/\/clickandmusic.es\/?page_id=58","title":{"rendered":"DJ Bodas y Eventos"},"content":{"rendered":"\n<figure class=\"wp-block-image size-large\"><img loading=\"lazy\" decoding=\"async\" width=\"1024\" height=\"373\" src=\"https:\/\/clickandmusic.es\/wp-content\/uploads\/2022\/12\/14714807_10153745373777127_7028702082773931867_o-1024x373.jpg\" alt=\"Dj para bodas y eventos Asturias y Madrid\" class=\"wp-image-204\" title=\"Dj para bodas y eventos Asturias y Madrid\" srcset=\"https:\/\/clickandmusic.es\/wp-content\/uploads\/2022\/12\/14714807_10153745373777127_7028702082773931867_o-1024x373.jpg 1024w, https:\/\/clickandmusic.es\/wp-content\/uploads\/2022\/12\/14714807_10153745373777127_7028702082773931867_o-300x109.jpg 300w, https:\/\/clickandmusic.es\/wp-content\/uploads\/2022\/12\/14714807_10153745373777127_7028702082773931867_o-768x280.jpg 768w, https:\/\/clickandmusic.es\/wp-content\/uploads\/2022\/12\/14714807_10153745373777127_7028702082773931867_o-1536x560.jpg 1536w, https:\/\/clickandmusic.es\/wp-content\/uploads\/2022\/12\/14714807_10153745373777127_7028702082773931867_o-2048x746.jpg 2048w, https:\/\/clickandmusic.es\/wp-content\/uploads\/2022\/12\/14714807_10153745373777127_7028702082773931867_o-1920x699.jpg 1920w\" sizes=\"(max-width: 1024px) 100vw, 1024px\" \/><\/figure>\n\n\n\n<h2 class=\"wp-block-heading has-text-align-center\"><br><strong>Servicio de dj para bodas y eventos privados<\/strong><\/h2>\n\n\n<p class=\"MsoNormal\" style=\"text-align: left;\">Somos<strong> djs y animadores profesionales para bodas y todo tipo de fiestas y eventos desde finales de los a\u00f1os 90<\/strong>, hemos realizado cientos de celebraciones con gran \u00e9xito en toda Espa\u00f1a en diferentes tipos de ambientes, estilos y generaciones, para ello siempre hemos seguido una m\u00e1xima:<\/p>\n<p>\u00a0<\/p>\n<p><!-- \/wp:post-content --><\/p>\n<p><!-- wp:pullquote --><\/p>\n<figure class=\"wp-block-pullquote\">\n<blockquote>\n<h4><span style=\"color: #ff00ff;\">\u00ab<strong>Una boda no es una fiesta m\u00e1s, es uno de los d\u00edas m\u00e1s importantes de la vida de nuestros clientes y amigos\u00bb<\/strong><\/span><\/h4>\n<\/blockquote>\n<\/figure>\n<p><!-- \/wp:pullquote --><\/p>\n<p><!-- wp:paragraph {\"align\":\"left\"} --><\/p>\n<p class=\"has-text-align-left\">Trabajamos siempre con la<strong> responsabilidad y profesionalidad<\/strong> que tu evento m\u00e1s importante requiere. Selecci\u00f3n musical, dedicatorias, momentos especiales&#8230; mimaremos cada detalle para que tu fiesta sea inolvidable. Queremos ser el plato fuerte y los aliados perfectos para conseguir una atm\u00f3sfera m\u00e1gica en tu d\u00eda.<\/p>\n<p><!-- \/wp:paragraph --><\/p>\n<p style=\"text-align: justify; text-justify: inter-ideograph;\">Nos amoldaremos a tus gustos, preferencias y necesidades y <strong>te asesoraremos en la planificaci\u00f3n<\/strong>, proceso clave para el \u00e9xito y para que el d\u00eda de tu boda solo te dediques a disfrutar.<\/p>\n<p style=\"text-align: justify; text-justify: inter-ideograph;\">Nuestra experiencia como djs para bodas y eventos nos dice que el 80% del \u00e9xito de un evento reside en una apropiada <strong>selecci\u00f3n musical acorde al p\u00fablico <\/strong>y el tipo de fiesta. Con casi <strong>25 a\u00f1os de experiencia como djs, locutores de radio y speaker<\/strong>, poseemos un amplio background musical, capacidad para adaptarnos a tus invitados y de animar e interactuar con ellos (si lo deseas) a trav\u00e9s de peque\u00f1as coreograf\u00edas improvisadas, bailes y sorpresas. Nuestra <strong>extensa librer\u00eda musical de todas las \u00e9pocas y estilos<\/strong> har\u00e1n que disfruten desde los m\u00e1s peque\u00f1os de la fiesta hasta los invitados m\u00e1s veteranos, y por supuesto, <strong>estamos actualizados en las \u00faltimas novedades y tendencias<\/strong>, ya que somos profesionales habituales en el ocio nocturno y festivales.\u00a0<\/p>\n<p><!-- \/wp:paragraph --><\/p>\n<p><!-- \/wp:paragraph --><!-- wp:paragraph --><\/p>\n<p><!-- \/wp:paragraph --><!-- wp:paragraph --><\/p>\n<p><!-- wp:kubio\/image {\"kubio\":{\"styleRef\":\"bumzF21rlz\",\"hash\":\"78062d62\"},\"link\":{\"typeOpenLink\":\"sameWindow\",\"lightboxMedia\":\"\"},\"url\":\"https:\/\/clickandmusic.es\/wp-content\/uploads\/2023\/04\/IMG_1516.jpg\",\"id\":279,\"sizeSlug\":\"full\"} \/--><\/p>\n<p><!-- wp:heading {\"level\":3} --><\/p>\n<h5 class=\"wp-block-heading\"><span style=\"color: #ff00ff;\"><strong>La fiesta a tu medida<\/strong><\/span><\/h5>\n<p><!-- \/wp:heading --><\/p>\n<p><!-- wp:paragraph --><\/p>\n<p>Te podemos acompa\u00f1ar desde la sonorizaci\u00f3n de la ceremonia, cocktail, comida o cena hasta el \u00faltimo bis de la fiesta. Disponemos de <strong>equipos profesionales de luz y sonido de alta gama<\/strong> y nos adaptamos tanto a bodas familiares o \u00edntimas como a eventos de m\u00e1s de 500 invitados. Personalizaremos nuestro presupuesto a tus necesidades,<strong> desde montajes b\u00e1sicos y econ\u00f3micos hasta grandes despliegues de luz y sonido<\/strong>, pirotecnica, pantallas y todo lo que puedas imaginar.<\/p>\n<p><!-- \/wp:paragraph --><\/p>\n<p><!-- wp:paragraph --><\/p>\n<p>Conf\u00eda tu evento m\u00e1s importante en manos expertas.<\/p>\n<p><!-- \/wp:paragraph --><\/p>\n<p><!-- wp:kubio\/buttongroup {\"kubio\":{\"hash\":\"Z8Iuzv5gdq\",\"styleRef\":\"21rldsAKPT\"}} --><br \/><!-- wp:kubio\/button {\"kubio\":{\"styleRef\":\"lTo_Oe_hJ-\",\"props\":{\"buttonWidth\":\"fitToContent\",\"iconPosition\":\"after\",\"showIcon\":false,\"buttonSize\":\"medium\",\"horizontalAlign\":\"center\"},\"style\":{\"descendants\":{\"link\":{\"textAlign\":\"center\",\"background\":{\"color\":\"rgba(var(\\u002d\\u002dkubio-color-1),1)\"},\"typography\":{\"color\":\"#fff\",\"family\":\"Open Sans\",\"margin\":{\"top\":\"\",\"bottom\":\"2rem\"},\"size\":{\"unit\":\"px\",\"value\":\"12\"},\"weight\":\"600\",\"lineHeight\":{\"value\":\"1\",\"unit\":\"\"},\"transform\":\"uppercase\",\"letterSpacing\":{\"value\":\"1\",\"unit\":\"px\"}},\"border\":{\"top\":{\"color\":\"rgba(var(\\u002d\\u002dkubio-color-1),1)\",\"style\":\"solid\",\"width\":{\"value\":\"2\",\"unit\":\"px\"},\"radius\":{\"right\":{\"value\":5,\"unit\":\"px\"},\"left\":{\"value\":5,\"unit\":\"px\"}}},\"bottom\":{\"color\":\"rgba(var(\\u002d\\u002dkubio-color-1),1)\",\"style\":\"solid\",\"width\":{\"value\":\"2\",\"unit\":\"px\"},\"radius\":{\"right\":{\"value\":5,\"unit\":\"px\"},\"left\":{\"value\":5,\"unit\":\"px\"}}},\"right\":{\"color\":\"rgba(var(\\u002d\\u002dkubio-color-1),1)\",\"style\":\"solid\",\"width\":{\"value\":\"2\",\"unit\":\"px\"}},\"left\":{\"color\":\"rgba(var(\\u002d\\u002dkubio-color-1),1)\",\"style\":\"solid\",\"width\":{\"value\":\"2\",\"unit\":\"px\"}}},\"padding\":{\"top\":{\"unit\":\"px\",\"value\":\"12\"},\"bottom\":{\"unit\":\"px\",\"value\":\"12\"},\"left\":{\"unit\":\"px\",\"value\":\"24\"},\"right\":{\"unit\":\"px\",\"value\":\"24\"}},\"states\":{\"hover\":{\"background\":{\"color\":\"rgba(var(\\u002d\\u002dkubio-color-1-variant-4),1)\"},\"border\":{\"top\":{\"color\":\"rgba(var(\\u002d\\u002dkubio-color-1-variant-4),1)\"},\"right\":{\"color\":\"rgba(var(\\u002d\\u002dkubio-color-1-variant-4),1)\"},\"bottom\":{\"color\":\"rgba(var(\\u002d\\u002dkubio-color-1-variant-4),1)\"},\"left\":{\"color\":\"rgba(var(\\u002d\\u002dkubio-color-1-variant-4),1)\"}}}}},\"icon\":{\"size\":{\"unit\":\"px\",\"value\":\"12\"},\"margin\":{\"left\":{\"value\":10,\"unit\":\"px\"},\"right\":{\"value\":0,\"unit\":\"px\"}}}}},\"hash\":\"Rl-6x8Qnhz\"},\"link\":{\"value\":\"https:\/\/clickandmusic.es\/?page_id=61\",\"typeOpenLink\":\"sameWindow\",\"noFollow\":false,\"lightboxMedia\":\"\"},\"preserveSpace\":{\"text\":false},\"icon\":{\"name\":\"font-awesome\/arrow-right\"}} --><br \/><a href=\"https:\/\/clickandmusic.es\/?page_id=61\"><strong><span class=\"kubio-has-inline-color\" style=\"color: rgba(var(--kubio-color-1),1);\"><sup>SOLICITA M\u00c1S INFORMACI\u00d3N SIN COMPROMISO<\/sup><\/span><\/strong><\/a><br \/><!-- \/wp:kubio\/button --><br \/><!-- \/wp:kubio\/buttongroup --><\/p>\n<p><!-- wp:image {\"id\":174,\"width\":838,\"height\":471,\"sizeSlug\":\"large\",\"linkDestination\":\"none\"} --><\/p>\n<figure class=\"wp-block-image size-large is-resized\">\n<div id=\"attachment_174\" style=\"width: 848px\" class=\"wp-caption alignnone\"><img loading=\"lazy\" decoding=\"async\" aria-describedby=\"caption-attachment-174\" class=\"wp-image-174\" src=\"https:\/\/clickandmusic.es\/wp-content\/uploads\/2022\/12\/5-1024x576.png\" alt=\"Dj para bodas y eventos Asturias y Madrid\" width=\"838\" height=\"471\" srcset=\"https:\/\/clickandmusic.es\/wp-content\/uploads\/2022\/12\/5-1024x576.png 1024w, https:\/\/clickandmusic.es\/wp-content\/uploads\/2022\/12\/5-300x169.png 300w, https:\/\/clickandmusic.es\/wp-content\/uploads\/2022\/12\/5-768x432.png 768w, https:\/\/clickandmusic.es\/wp-content\/uploads\/2022\/12\/5.png 1280w\" sizes=\"(max-width: 838px) 100vw, 838px\" \/><p id=\"caption-attachment-174\" class=\"wp-caption-text\">Dj para bodas y eventos Asturias y Madrid<\/p><\/div>\n<\/figure>\n<p><!-- \/wp:image --><\/p>\n<p><!-- wp:paragraph --><\/p>\n<p>Vis\u00edtanos en <a href=\"https:\/\/www.instagram.com\/clickandmusic.es\/\" target=\"_blank\" rel=\"noreferrer noopener\">Instagram<\/a> para conocer nuestro trabajo.<\/p>\n<p><!-- \/wp:paragraph --><\/p>","protected":false},"excerpt":{"rendered":"<p>Servicio de dj para bodas y eventos privados Somos djs y animadores profesionales para bodas y todo tipo de fiestas y eventos desde finales de los a\u00f1os 90, hemos realizado cientos de celebraciones con gran \u00e9xito en toda Espa\u00f1a en diferentes tipos de ambientes, estilos y generaciones, para ello siempre hemos seguido una m\u00e1xima: \u00a0 [&hellip;]<\/p>\n","protected":false},"author":1,"featured_media":0,"parent":0,"menu_order":0,"comment_status":"closed","ping_status":"closed","template":"","meta":{"saved_in_kubio":false,"_monsterinsights_skip_tracking":false,"_monsterinsights_sitenote_active":false,"_monsterinsights_sitenote_note":"","_monsterinsights_sitenote_category":0,"footnotes":""},"class_list":["post-58","page","type-page","status-publish","hentry"],"kubio_ai_page_context":{"short_desc":"","purpose":"general"},"yoast_head":"<!-- This site is optimized with the Yoast SEO plugin v22.6 - https:\/\/yoast.com\/wordpress\/plugins\/seo\/ -->\n<title>DJ Bodas y Eventos - Click &amp; Music<\/title>\n<meta name=\"robots\" content=\"index, follow, max-snippet:-1, max-image-preview:large, max-video-preview:-1\" \/>\n<link rel=\"canonical\" href=\"https:\/\/clickandmusic.es\/?page_id=58\" \/>\n<meta property=\"og:locale\" content=\"es_ES\" \/>\n<meta property=\"og:type\" content=\"article\" \/>\n<meta property=\"og:title\" content=\"DJ Bodas y Eventos - Click &amp; Music\" \/>\n<meta property=\"og:description\" content=\"Servicio de dj para bodas y eventos privados Somos djs y animadores profesionales para bodas y todo tipo de fiestas y eventos desde finales de los a\u00f1os 90, hemos realizado cientos de celebraciones con gran \u00e9xito en toda Espa\u00f1a en diferentes tipos de ambientes, estilos y generaciones, para ello siempre hemos seguido una m\u00e1xima: \u00a0 [&hellip;]\" \/>\n<meta property=\"og:url\" content=\"https:\/\/clickandmusic.es\/?page_id=58\" \/>\n<meta property=\"og:site_name\" content=\"Click &amp; Music\" \/>\n<meta property=\"article:publisher\" content=\"https:\/\/www.facebook.com\/people\/clickandmusices\/100088788276000\/\" \/>\n<meta property=\"article:modified_time\" content=\"2023-05-17T10:25:55+00:00\" \/>\n<meta property=\"og:image\" content=\"https:\/\/clickandmusic.es\/wp-content\/uploads\/2022\/12\/14714807_10153745373777127_7028702082773931867_o-1024x373.jpg\" \/>\n<meta name=\"twitter:card\" content=\"summary_large_image\" \/>\n<meta name=\"twitter:label1\" content=\"Tiempo de lectura\" \/>\n\t<meta name=\"twitter:data1\" content=\"3 minutos\" \/>\n<script type=\"application\/ld+json\" class=\"yoast-schema-graph\">{\"@context\":\"https:\/\/schema.org\",\"@graph\":[{\"@type\":\"WebPage\",\"@id\":\"https:\/\/clickandmusic.es\/?page_id=58\",\"url\":\"https:\/\/clickandmusic.es\/?page_id=58\",\"name\":\"DJ Bodas y Eventos - Click &amp; Music\",\"isPartOf\":{\"@id\":\"https:\/\/clickandmusic.es\/#website\"},\"primaryImageOfPage\":{\"@id\":\"https:\/\/clickandmusic.es\/?page_id=58#primaryimage\"},\"image\":{\"@id\":\"https:\/\/clickandmusic.es\/?page_id=58#primaryimage\"},\"thumbnailUrl\":\"https:\/\/clickandmusic.es\/wp-content\/uploads\/2022\/12\/14714807_10153745373777127_7028702082773931867_o-1024x373.jpg\",\"datePublished\":\"2022-11-29T19:57:33+00:00\",\"dateModified\":\"2023-05-17T10:25:55+00:00\",\"breadcrumb\":{\"@id\":\"https:\/\/clickandmusic.es\/?page_id=58#breadcrumb\"},\"inLanguage\":\"es\",\"potentialAction\":[{\"@type\":\"ReadAction\",\"target\":[\"https:\/\/clickandmusic.es\/?page_id=58\"]}]},{\"@type\":\"ImageObject\",\"inLanguage\":\"es\",\"@id\":\"https:\/\/clickandmusic.es\/?page_id=58#primaryimage\",\"url\":\"https:\/\/clickandmusic.es\/wp-content\/uploads\/2022\/12\/14714807_10153745373777127_7028702082773931867_o.jpg\",\"contentUrl\":\"https:\/\/clickandmusic.es\/wp-content\/uploads\/2022\/12\/14714807_10153745373777127_7028702082773931867_o.jpg\",\"width\":2229,\"height\":812,\"caption\":\"Especialistas en dj y animaci\u00f3n\"},{\"@type\":\"BreadcrumbList\",\"@id\":\"https:\/\/clickandmusic.es\/?page_id=58#breadcrumb\",\"itemListElement\":[{\"@type\":\"ListItem\",\"position\":1,\"name\":\"Home\",\"item\":\"https:\/\/clickandmusic.es\/\"},{\"@type\":\"ListItem\",\"position\":2,\"name\":\"DJ Bodas y Eventos\"}]},{\"@type\":\"WebSite\",\"@id\":\"https:\/\/clickandmusic.es\/#website\",\"url\":\"https:\/\/clickandmusic.es\/\",\"name\":\"Click & Music\",\"description\":\"Eventos, sonido, marketing y comunicaci&oacute;n\",\"publisher\":{\"@id\":\"https:\/\/clickandmusic.es\/#organization\"},\"potentialAction\":[{\"@type\":\"SearchAction\",\"target\":{\"@type\":\"EntryPoint\",\"urlTemplate\":\"https:\/\/clickandmusic.es\/?s={search_term_string}\"},\"query-input\":\"required name=search_term_string\"}],\"inLanguage\":\"es\"},{\"@type\":\"Organization\",\"@id\":\"https:\/\/clickandmusic.es\/#organization\",\"name\":\"Click & Music\",\"url\":\"https:\/\/clickandmusic.es\/\",\"logo\":{\"@type\":\"ImageObject\",\"inLanguage\":\"es\",\"@id\":\"https:\/\/clickandmusic.es\/#\/schema\/logo\/image\/\",\"url\":\"https:\/\/clickandmusic.es\/wp-content\/uploads\/2022\/10\/cropped-cropped-cropped-Logotipo-Negro-y-Blanco-Enmarcado-DJ-Martin-3-1.png\",\"contentUrl\":\"https:\/\/clickandmusic.es\/wp-content\/uploads\/2022\/10\/cropped-cropped-cropped-Logotipo-Negro-y-Blanco-Enmarcado-DJ-Martin-3-1.png\",\"width\":435,\"height\":434,\"caption\":\"Click & Music\"},\"image\":{\"@id\":\"https:\/\/clickandmusic.es\/#\/schema\/logo\/image\/\"},\"sameAs\":[\"https:\/\/www.facebook.com\/people\/clickandmusices\/100088788276000\/\",\"https:\/\/www.instagram.com\/clickandmusic.es\/?hl=es\"]}]}<\/script>\n<!-- \/ Yoast SEO plugin. -->","yoast_head_json":{"title":"DJ Bodas y Eventos - Click &amp; Music","robots":{"index":"index","follow":"follow","max-snippet":"max-snippet:-1","max-image-preview":"max-image-preview:large","max-video-preview":"max-video-preview:-1"},"canonical":"https:\/\/clickandmusic.es\/?page_id=58","og_locale":"es_ES","og_type":"article","og_title":"DJ Bodas y Eventos - Click &amp; Music","og_description":"Servicio de dj para bodas y eventos privados Somos djs y animadores profesionales para bodas y todo tipo de fiestas y eventos desde finales de los a\u00f1os 90, hemos realizado cientos de celebraciones con gran \u00e9xito en toda Espa\u00f1a en diferentes tipos de ambientes, estilos y generaciones, para ello siempre hemos seguido una m\u00e1xima: \u00a0 [&hellip;]","og_url":"https:\/\/clickandmusic.es\/?page_id=58","og_site_name":"Click &amp; Music","article_publisher":"https:\/\/www.facebook.com\/people\/clickandmusices\/100088788276000\/","article_modified_time":"2023-05-17T10:25:55+00:00","og_image":[{"url":"https:\/\/clickandmusic.es\/wp-content\/uploads\/2022\/12\/14714807_10153745373777127_7028702082773931867_o-1024x373.jpg"}],"twitter_card":"summary_large_image","twitter_misc":{"Tiempo de lectura":"3 minutos"},"schema":{"@context":"https:\/\/schema.org","@graph":[{"@type":"WebPage","@id":"https:\/\/clickandmusic.es\/?page_id=58","url":"https:\/\/clickandmusic.es\/?page_id=58","name":"DJ Bodas y Eventos - Click &amp; Music","isPartOf":{"@id":"https:\/\/clickandmusic.es\/#website"},"primaryImageOfPage":{"@id":"https:\/\/clickandmusic.es\/?page_id=58#primaryimage"},"image":{"@id":"https:\/\/clickandmusic.es\/?page_id=58#primaryimage"},"thumbnailUrl":"https:\/\/clickandmusic.es\/wp-content\/uploads\/2022\/12\/14714807_10153745373777127_7028702082773931867_o-1024x373.jpg","datePublished":"2022-11-29T19:57:33+00:00","dateModified":"2023-05-17T10:25:55+00:00","breadcrumb":{"@id":"https:\/\/clickandmusic.es\/?page_id=58#breadcrumb"},"inLanguage":"es","potentialAction":[{"@type":"ReadAction","target":["https:\/\/clickandmusic.es\/?page_id=58"]}]},{"@type":"ImageObject","inLanguage":"es","@id":"https:\/\/clickandmusic.es\/?page_id=58#primaryimage","url":"https:\/\/clickandmusic.es\/wp-content\/uploads\/2022\/12\/14714807_10153745373777127_7028702082773931867_o.jpg","contentUrl":"https:\/\/clickandmusic.es\/wp-content\/uploads\/2022\/12\/14714807_10153745373777127_7028702082773931867_o.jpg","width":2229,"height":812,"caption":"Especialistas en dj y animaci\u00f3n"},{"@type":"BreadcrumbList","@id":"https:\/\/clickandmusic.es\/?page_id=58#breadcrumb","itemListElement":[{"@type":"ListItem","position":1,"name":"Home","item":"https:\/\/clickandmusic.es\/"},{"@type":"ListItem","position":2,"name":"DJ Bodas y Eventos"}]},{"@type":"WebSite","@id":"https:\/\/clickandmusic.es\/#website","url":"https:\/\/clickandmusic.es\/","name":"Click & Music","description":"Eventos, sonido, marketing y comunicaci&oacute;n","publisher":{"@id":"https:\/\/clickandmusic.es\/#organization"},"potentialAction":[{"@type":"SearchAction","target":{"@type":"EntryPoint","urlTemplate":"https:\/\/clickandmusic.es\/?s={search_term_string}"},"query-input":"required name=search_term_string"}],"inLanguage":"es"},{"@type":"Organization","@id":"https:\/\/clickandmusic.es\/#organization","name":"Click & Music","url":"https:\/\/clickandmusic.es\/","logo":{"@type":"ImageObject","inLanguage":"es","@id":"https:\/\/clickandmusic.es\/#\/schema\/logo\/image\/","url":"https:\/\/clickandmusic.es\/wp-content\/uploads\/2022\/10\/cropped-cropped-cropped-Logotipo-Negro-y-Blanco-Enmarcado-DJ-Martin-3-1.png","contentUrl":"https:\/\/clickandmusic.es\/wp-content\/uploads\/2022\/10\/cropped-cropped-cropped-Logotipo-Negro-y-Blanco-Enmarcado-DJ-Martin-3-1.png","width":435,"height":434,"caption":"Click & Music"},"image":{"@id":"https:\/\/clickandmusic.es\/#\/schema\/logo\/image\/"},"sameAs":["https:\/\/www.facebook.com\/people\/clickandmusices\/100088788276000\/","https:\/\/www.instagram.com\/clickandmusic.es\/?hl=es"]}]}},"_links":{"self":[{"href":"https:\/\/clickandmusic.es\/index.php?rest_route=\/wp\/v2\/pages\/58","targetHints":{"allow":["GET"]}}],"collection":[{"href":"https:\/\/clickandmusic.es\/index.php?rest_route=\/wp\/v2\/pages"}],"about":[{"href":"https:\/\/clickandmusic.es\/index.php?rest_route=\/wp\/v2\/types\/page"}],"author":[{"embeddable":true,"href":"https:\/\/clickandmusic.es\/index.php?rest_route=\/wp\/v2\/users\/1"}],"replies":[{"embeddable":true,"href":"https:\/\/clickandmusic.es\/index.php?rest_route=%2Fwp%2Fv2%2Fcomments&post=58"}],"version-history":[{"count":21,"href":"https:\/\/clickandmusic.es\/index.php?rest_route=\/wp\/v2\/pages\/58\/revisions"}],"predecessor-version":[{"id":404,"href":"https:\/\/clickandmusic.es\/index.php?rest_route=\/wp\/v2\/pages\/58\/revisions\/404"}],"wp:attachment":[{"href":"https:\/\/clickandmusic.es\/index.php?rest_route=%2Fwp%2Fv2%2Fmedia&parent=58"}],"curies":[{"name":"wp","href":"https:\/\/api.w.org\/{rel}","templated":true}]}}