{"id":2,"date":"2022-09-23T17:26:06","date_gmt":"2022-09-23T17:26:06","guid":{"rendered":"https:\/\/clickandmusic.es\/?page_id=2"},"modified":"2024-08-09T13:32:16","modified_gmt":"2024-08-09T13:32:16","slug":"click-and-music","status":"publish","type":"page","link":"https:\/\/clickandmusic.es\/?page_id=2","title":{"rendered":"Nosotros"},"content":{"rendered":"\n<p><strong>Click &amp; Music<\/strong> es una empresa con m\u00e1s de 20 a\u00f1os de experiencia en <strong>animaci\u00f3n profesional<\/strong>, <strong>servicio de dj, disco m\u00f3vil y sonorizaci\u00f3n de todo tipo de eventos. <\/strong><br><br>Priorizamos la calidad a la cantidad de eventos, por lo que ofrecemos <strong>servicios personalizados y dedicaci\u00f3n exclusiva<\/strong> a un precio justo y competitivo. Trabajamos desde peque\u00f1as celebraciones sociales o empresariales a eventos multitudinarios que requieran de escenario m\u00f3vil o grandes montajes de sonido. <br><br>Estamos especializados en el <strong>servicio de dj y discom\u00f3vil para bodas <\/strong>y somos apasionados de la <strong>sonorizaci\u00f3n de eventos deportivos. <br><\/strong><br>Tenemos amplia experiencia y formaci\u00f3n superior en <strong>marketing digital y redes sociales<\/strong>, ayudamos a empresas, agrupaciones y organizadores de eventos a conseguir m\u00e1s visibilidad e imagen de marca.<br><br><br><\/p>\n\n\n","protected":false},"excerpt":{"rendered":"<p>Click &amp; Music es una empresa con m\u00e1s de 20 a\u00f1os de experiencia en animaci\u00f3n profesional, servicio de dj, disco m\u00f3vil y sonorizaci\u00f3n de todo tipo de eventos. Priorizamos la calidad a la cantidad de eventos, por lo que ofrecemos servicios personalizados y dedicaci\u00f3n exclusiva a un precio justo y competitivo. Trabajamos desde peque\u00f1as celebraciones [&hellip;]<\/p>\n","protected":false},"author":1,"featured_media":36,"parent":0,"menu_order":0,"comment_status":"closed","ping_status":"open","template":"","meta":{"saved_in_kubio":false,"_monsterinsights_skip_tracking":false,"_monsterinsights_sitenote_active":false,"_monsterinsights_sitenote_note":"","_monsterinsights_sitenote_category":0,"footnotes":""},"class_list":["post-2","page","type-page","status-publish","has-post-thumbnail","hentry"],"kubio_ai_page_context":{"short_desc":"","purpose":"general"},"yoast_head":"<!-- This site is optimized with the Yoast SEO plugin v22.6 - https:\/\/yoast.com\/wordpress\/plugins\/seo\/ -->\n<title>Nosotros - Click &amp; Music<\/title>\n<meta name=\"description\" content=\"Dj para bodas y eventos, discom\u00f3vil, sonorizaci\u00f3n de eventos deportivos. Sonido profesional y asesoramiento de marketing para empresas.\" \/>\n<meta name=\"robots\" content=\"index, follow, max-snippet:-1, max-image-preview:large, max-video-preview:-1\" \/>\n<link rel=\"canonical\" href=\"https:\/\/clickandmusic.es\/?page_id=2\" \/>\n<meta property=\"og:locale\" content=\"es_ES\" \/>\n<meta property=\"og:type\" content=\"article\" \/>\n<meta property=\"og:title\" content=\"Nosotros - Click &amp; Music\" \/>\n<meta property=\"og:description\" content=\"Dj para bodas y eventos, discom\u00f3vil, sonorizaci\u00f3n de eventos deportivos. Sonido profesional y asesoramiento de marketing para empresas.\" \/>\n<meta property=\"og:url\" content=\"https:\/\/clickandmusic.es\/?page_id=2\" \/>\n<meta property=\"og:site_name\" content=\"Click &amp; Music\" \/>\n<meta property=\"article:publisher\" content=\"https:\/\/www.facebook.com\/people\/clickandmusices\/100088788276000\/\" \/>\n<meta property=\"article:modified_time\" content=\"2024-08-09T13:32:16+00:00\" \/>\n<meta property=\"og:image\" content=\"https:\/\/clickandmusic.es\/wp-content\/uploads\/2022\/10\/MTB-MADRID-MEETING-7.png\" \/>\n\t<meta property=\"og:image:width\" content=\"1280\" \/>\n\t<meta property=\"og:image:height\" content=\"720\" \/>\n\t<meta property=\"og:image:type\" content=\"image\/png\" \/>\n<meta name=\"twitter:card\" content=\"summary_large_image\" \/>\n<meta name=\"twitter:label1\" content=\"Tiempo de lectura\" \/>\n\t<meta name=\"twitter:data1\" content=\"1 minuto\" \/>\n<script type=\"application\/ld+json\" class=\"yoast-schema-graph\">{\"@context\":\"https:\/\/schema.org\",\"@graph\":[{\"@type\":\"WebPage\",\"@id\":\"https:\/\/clickandmusic.es\/?page_id=2\",\"url\":\"https:\/\/clickandmusic.es\/?page_id=2\",\"name\":\"Nosotros - Click &amp; Music\",\"isPartOf\":{\"@id\":\"https:\/\/clickandmusic.es\/#website\"},\"primaryImageOfPage\":{\"@id\":\"https:\/\/clickandmusic.es\/?page_id=2#primaryimage\"},\"image\":{\"@id\":\"https:\/\/clickandmusic.es\/?page_id=2#primaryimage\"},\"thumbnailUrl\":\"https:\/\/clickandmusic.es\/wp-content\/uploads\/2022\/10\/MTB-MADRID-MEETING-7.png\",\"datePublished\":\"2022-09-23T17:26:06+00:00\",\"dateModified\":\"2024-08-09T13:32:16+00:00\",\"description\":\"Dj para bodas y eventos, discom\u00f3vil, sonorizaci\u00f3n de eventos deportivos. Sonido profesional y asesoramiento de marketing para empresas.\",\"breadcrumb\":{\"@id\":\"https:\/\/clickandmusic.es\/?page_id=2#breadcrumb\"},\"inLanguage\":\"es\",\"potentialAction\":[{\"@type\":\"ReadAction\",\"target\":[\"https:\/\/clickandmusic.es\/?page_id=2\"]}]},{\"@type\":\"ImageObject\",\"inLanguage\":\"es\",\"@id\":\"https:\/\/clickandmusic.es\/?page_id=2#primaryimage\",\"url\":\"https:\/\/clickandmusic.es\/wp-content\/uploads\/2022\/10\/MTB-MADRID-MEETING-7.png\",\"contentUrl\":\"https:\/\/clickandmusic.es\/wp-content\/uploads\/2022\/10\/MTB-MADRID-MEETING-7.png\",\"width\":1280,\"height\":720},{\"@type\":\"BreadcrumbList\",\"@id\":\"https:\/\/clickandmusic.es\/?page_id=2#breadcrumb\",\"itemListElement\":[{\"@type\":\"ListItem\",\"position\":1,\"name\":\"Home\",\"item\":\"https:\/\/clickandmusic.es\/\"},{\"@type\":\"ListItem\",\"position\":2,\"name\":\"Nosotros\"}]},{\"@type\":\"WebSite\",\"@id\":\"https:\/\/clickandmusic.es\/#website\",\"url\":\"https:\/\/clickandmusic.es\/\",\"name\":\"Click & Music\",\"description\":\"Eventos, sonido, marketing y comunicaci&oacute;n\",\"publisher\":{\"@id\":\"https:\/\/clickandmusic.es\/#organization\"},\"potentialAction\":[{\"@type\":\"SearchAction\",\"target\":{\"@type\":\"EntryPoint\",\"urlTemplate\":\"https:\/\/clickandmusic.es\/?s={search_term_string}\"},\"query-input\":\"required name=search_term_string\"}],\"inLanguage\":\"es\"},{\"@type\":\"Organization\",\"@id\":\"https:\/\/clickandmusic.es\/#organization\",\"name\":\"Click & Music\",\"url\":\"https:\/\/clickandmusic.es\/\",\"logo\":{\"@type\":\"ImageObject\",\"inLanguage\":\"es\",\"@id\":\"https:\/\/clickandmusic.es\/#\/schema\/logo\/image\/\",\"url\":\"https:\/\/clickandmusic.es\/wp-content\/uploads\/2022\/10\/cropped-cropped-cropped-Logotipo-Negro-y-Blanco-Enmarcado-DJ-Martin-3-1.png\",\"contentUrl\":\"https:\/\/clickandmusic.es\/wp-content\/uploads\/2022\/10\/cropped-cropped-cropped-Logotipo-Negro-y-Blanco-Enmarcado-DJ-Martin-3-1.png\",\"width\":435,\"height\":434,\"caption\":\"Click & Music\"},\"image\":{\"@id\":\"https:\/\/clickandmusic.es\/#\/schema\/logo\/image\/\"},\"sameAs\":[\"https:\/\/www.facebook.com\/people\/clickandmusices\/100088788276000\/\",\"https:\/\/www.instagram.com\/clickandmusic.es\/?hl=es\"]}]}<\/script>\n<!-- \/ Yoast SEO plugin. -->","yoast_head_json":{"title":"Nosotros - Click &amp; Music","description":"Dj para bodas y eventos, discom\u00f3vil, sonorizaci\u00f3n de eventos deportivos. Sonido profesional y asesoramiento de marketing para empresas.","robots":{"index":"index","follow":"follow","max-snippet":"max-snippet:-1","max-image-preview":"max-image-preview:large","max-video-preview":"max-video-preview:-1"},"canonical":"https:\/\/clickandmusic.es\/?page_id=2","og_locale":"es_ES","og_type":"article","og_title":"Nosotros - Click &amp; Music","og_description":"Dj para bodas y eventos, discom\u00f3vil, sonorizaci\u00f3n de eventos deportivos. Sonido profesional y asesoramiento de marketing para empresas.","og_url":"https:\/\/clickandmusic.es\/?page_id=2","og_site_name":"Click &amp; Music","article_publisher":"https:\/\/www.facebook.com\/people\/clickandmusices\/100088788276000\/","article_modified_time":"2024-08-09T13:32:16+00:00","og_image":[{"width":1280,"height":720,"url":"https:\/\/clickandmusic.es\/wp-content\/uploads\/2022\/10\/MTB-MADRID-MEETING-7.png","type":"image\/png"}],"twitter_card":"summary_large_image","twitter_misc":{"Tiempo de lectura":"1 minuto"},"schema":{"@context":"https:\/\/schema.org","@graph":[{"@type":"WebPage","@id":"https:\/\/clickandmusic.es\/?page_id=2","url":"https:\/\/clickandmusic.es\/?page_id=2","name":"Nosotros - Click &amp; Music","isPartOf":{"@id":"https:\/\/clickandmusic.es\/#website"},"primaryImageOfPage":{"@id":"https:\/\/clickandmusic.es\/?page_id=2#primaryimage"},"image":{"@id":"https:\/\/clickandmusic.es\/?page_id=2#primaryimage"},"thumbnailUrl":"https:\/\/clickandmusic.es\/wp-content\/uploads\/2022\/10\/MTB-MADRID-MEETING-7.png","datePublished":"2022-09-23T17:26:06+00:00","dateModified":"2024-08-09T13:32:16+00:00","description":"Dj para bodas y eventos, discom\u00f3vil, sonorizaci\u00f3n de eventos deportivos. Sonido profesional y asesoramiento de marketing para empresas.","breadcrumb":{"@id":"https:\/\/clickandmusic.es\/?page_id=2#breadcrumb"},"inLanguage":"es","potentialAction":[{"@type":"ReadAction","target":["https:\/\/clickandmusic.es\/?page_id=2"]}]},{"@type":"ImageObject","inLanguage":"es","@id":"https:\/\/clickandmusic.es\/?page_id=2#primaryimage","url":"https:\/\/clickandmusic.es\/wp-content\/uploads\/2022\/10\/MTB-MADRID-MEETING-7.png","contentUrl":"https:\/\/clickandmusic.es\/wp-content\/uploads\/2022\/10\/MTB-MADRID-MEETING-7.png","width":1280,"height":720},{"@type":"BreadcrumbList","@id":"https:\/\/clickandmusic.es\/?page_id=2#breadcrumb","itemListElement":[{"@type":"ListItem","position":1,"name":"Home","item":"https:\/\/clickandmusic.es\/"},{"@type":"ListItem","position":2,"name":"Nosotros"}]},{"@type":"WebSite","@id":"https:\/\/clickandmusic.es\/#website","url":"https:\/\/clickandmusic.es\/","name":"Click & Music","description":"Eventos, sonido, marketing y comunicaci&oacute;n","publisher":{"@id":"https:\/\/clickandmusic.es\/#organization"},"potentialAction":[{"@type":"SearchAction","target":{"@type":"EntryPoint","urlTemplate":"https:\/\/clickandmusic.es\/?s={search_term_string}"},"query-input":"required name=search_term_string"}],"inLanguage":"es"},{"@type":"Organization","@id":"https:\/\/clickandmusic.es\/#organization","name":"Click & Music","url":"https:\/\/clickandmusic.es\/","logo":{"@type":"ImageObject","inLanguage":"es","@id":"https:\/\/clickandmusic.es\/#\/schema\/logo\/image\/","url":"https:\/\/clickandmusic.es\/wp-content\/uploads\/2022\/10\/cropped-cropped-cropped-Logotipo-Negro-y-Blanco-Enmarcado-DJ-Martin-3-1.png","contentUrl":"https:\/\/clickandmusic.es\/wp-content\/uploads\/2022\/10\/cropped-cropped-cropped-Logotipo-Negro-y-Blanco-Enmarcado-DJ-Martin-3-1.png","width":435,"height":434,"caption":"Click & Music"},"image":{"@id":"https:\/\/clickandmusic.es\/#\/schema\/logo\/image\/"},"sameAs":["https:\/\/www.facebook.com\/people\/clickandmusices\/100088788276000\/","https:\/\/www.instagram.com\/clickandmusic.es\/?hl=es"]}]}},"_links":{"self":[{"href":"https:\/\/clickandmusic.es\/index.php?rest_route=\/wp\/v2\/pages\/2","targetHints":{"allow":["GET"]}}],"collection":[{"href":"https:\/\/clickandmusic.es\/index.php?rest_route=\/wp\/v2\/pages"}],"about":[{"href":"https:\/\/clickandmusic.es\/index.php?rest_route=\/wp\/v2\/types\/page"}],"author":[{"embeddable":true,"href":"https:\/\/clickandmusic.es\/index.php?rest_route=\/wp\/v2\/users\/1"}],"replies":[{"embeddable":true,"href":"https:\/\/clickandmusic.es\/index.php?rest_route=%2Fwp%2Fv2%2Fcomments&post=2"}],"version-history":[{"count":12,"href":"https:\/\/clickandmusic.es\/index.php?rest_route=\/wp\/v2\/pages\/2\/revisions"}],"predecessor-version":[{"id":468,"href":"https:\/\/clickandmusic.es\/index.php?rest_route=\/wp\/v2\/pages\/2\/revisions\/468"}],"wp:featuredmedia":[{"embeddable":true,"href":"https:\/\/clickandmusic.es\/index.php?rest_route=\/wp\/v2\/media\/36"}],"wp:attachment":[{"href":"https:\/\/clickandmusic.es\/index.php?rest_route=%2Fwp%2Fv2%2Fmedia&parent=2"}],"curies":[{"name":"wp","href":"https:\/\/api.w.org\/{rel}","templated":true}]}}